{"id":1400,"date":"2024-06-27T13:25:32","date_gmt":"2024-06-27T13:25:32","guid":{"rendered":"https:\/\/nfppb.ca\/fr\/?page_id=1400"},"modified":"2024-06-27T13:41:03","modified_gmt":"2024-06-27T13:41:03","slug":"divulgation-publique-des-depenses","status":"publish","type":"page","link":"https:\/\/nfppb.ca\/fr\/responsabilisation\/documents-de-responsabilite-de-la-gouvernance\/divulgation-publique-des-depenses\/","title":{"rendered":"Divulgation publique des d\u00e9penses"},"content":{"rendered":"<div class=\"ms-Grid ts-grid\">\n<div class=\"ms-Grid-row\">\n<div class=\"ts-textfield-container ts-larger-font\" lang=\"fr\">\n<div tabindex=\"-1\" role=\"label\">La\u00a0<a href=\"https:\/\/www.ontario.ca\/fr\/page\/directive-sur-les-frais-de-deplacement-de-repas-et-daccueil\">directive sur les frais de d\u00e9placement, de repas et d\u2019accueil<\/a>\u00a0exige que les personnes d\u00e9sign\u00e9es de chaque organisme provincial publient les renseignements relatifs aux d\u00e9penses.<\/div>\n<div tabindex=\"-1\" role=\"label\"><\/div>\n<\/div>\n<\/div>\n<\/div>\n<ul>\n<li><strong><a href=\"http:\/\/nfppb.ca\/fr\/wp-content\/uploads\/2024\/06\/NFPPB-Expense-Summary-Q3-4-FY22-23-FR-FINAL.pdf\">D\u00e9penses pour les mois d&#8217;octobre 2022 \u00e0 mars 2023<\/a><\/strong><\/li>\n<\/ul>\n<div class=\"ms-Grid ts-grid\">\n<div class=\"ms-Grid-row\">\n<div class=\"ts-textfield-container ts-larger-font\" lang=\"fr\">\n<div class=\"ts-alignment-view-container\">\n<div id=\"ts-alignment-view-idtgt\" class=\"ts-alignment-view ms-font-m ts-alignment-view-tgt ts-ltr-left-zero\" tabindex=\"0\" aria-hidden=\"false\">\n<div tabindex=\"-1\" role=\"label\">This page is also available in\u00a0<a href=\"https:\/\/nfppb.ca\/accountability\/governance-accountability\/public-disclosure-of-expenses\/\">English<\/a>.<\/div>\n<\/div>\n<\/div>\n<\/div>\n<\/div>\n<\/div>\n","protected":false},"excerpt":{"rendered":"<p>La\u00a0directive sur les frais de d\u00e9placement, de repas et d\u2019accueil\u00a0exige que les personnes d\u00e9sign\u00e9es de chaque organisme provincial publient les renseignements relatifs aux d\u00e9penses. D\u00e9penses pour les mois d&#8217;octobre 2022 \u00e0 mars 2023 This page is also available in\u00a0English.<\/p>\n","protected":false},"author":2,"featured_media":0,"parent":491,"menu_order":0,"comment_status":"closed","ping_status":"closed","template":"page-templates\/full-width.php","meta":{"footnotes":""},"class_list":["post-1400","page","type-page","status-publish","hentry"],"jetpack_sharing_enabled":true,"jetpack_shortlink":"https:\/\/wp.me\/PaT1Et-mA","jetpack-related-posts":[],"_links":{"self":[{"href":"https:\/\/nfppb.ca\/fr\/wp-json\/wp\/v2\/pages\/1400","targetHints":{"allow":["GET"]}}],"collection":[{"href":"https:\/\/nfppb.ca\/fr\/wp-json\/wp\/v2\/pages"}],"about":[{"href":"https:\/\/nfppb.ca\/fr\/wp-json\/wp\/v2\/types\/page"}],"author":[{"embeddable":true,"href":"https:\/\/nfppb.ca\/fr\/wp-json\/wp\/v2\/users\/2"}],"replies":[{"embeddable":true,"href":"https:\/\/nfppb.ca\/fr\/wp-json\/wp\/v2\/comments?post=1400"}],"version-history":[{"count":3,"href":"https:\/\/nfppb.ca\/fr\/wp-json\/wp\/v2\/pages\/1400\/revisions"}],"predecessor-version":[{"id":1408,"href":"https:\/\/nfppb.ca\/fr\/wp-json\/wp\/v2\/pages\/1400\/revisions\/1408"}],"up":[{"embeddable":true,"href":"https:\/\/nfppb.ca\/fr\/wp-json\/wp\/v2\/pages\/491"}],"wp:attachment":[{"href":"https:\/\/nfppb.ca\/fr\/wp-json\/wp\/v2\/media?parent=1400"}],"curies":[{"name":"wp","href":"https:\/\/api.w.org\/{rel}","templated":true}]}}