{"id":328,"date":"2019-04-10T12:07:49","date_gmt":"2019-04-10T12:07:49","guid":{"rendered":"http:\/\/nfppb.ca\/fr\/?page_id=328"},"modified":"2023-11-15T15:40:00","modified_gmt":"2023-11-15T15:40:00","slug":"alors-vous-alleez-vivre-en-campagne","status":"publish","type":"page","link":"https:\/\/nfppb.ca\/fr\/procedure-dappel\/alors-vous-alleez-vivre-en-campagne\/","title":{"rendered":"Alors vous alleez vivre en campagne"},"content":{"rendered":"<h6><a href=\"https:\/\/nfppb.ca\/application-process\/so-youre-moving-to-the-country\/\">English<\/a><\/h6>\n<h2>L&#8217;Ontario rural n&#8217;est pas seulement un beau coin du pays&#8230;<\/h2>\n<h3>L&#8217;agroalimentaire, l&#8217;un des principaux secteurs de l&#8217;Ontario, apporte chaque ann\u00e9e 35 milliards de dollars \u00e0 l&#8217;\u00e9conomie de la province et emploie 760 000 personnes.<\/h3>\n<p>L&#8217;Ontario rural compte 52 000 fermes. On d\u00e9nombre de nombreux types d&#8217;exploitations agricoles en Ontario, comme :<br \/>\n\u2022 des vergers<br \/>\n\u2022 des serres<br \/>\n\u2022 des fermes avicoles<br \/>\n\u2022 des parcs d&#8217;engraissement de bovins de boucherie<\/p>\n<h3>Pour les agriculteurs ontariens, ces exploitations sont avant tout une entreprise.<\/h3>\n<p>Certains aspects de l&#8217;agriculture peuvent vous d\u00e9ranger. Les fermes peuvent \u00eatre bruyantes et sources de poussi\u00e8res et d&#8217;odeurs. En outre, \u00e0 l&#8217;instar de toute autre entreprise, les exploitations agricoles ont des calendriers de production. Ainsi, pendant les p\u00e9riodes des semis et des r\u00e9coltes, vous pouvez observer des lumi\u00e8res dans les champs pendant la nuit ou entendre de l&#8217;\u00e9quipement fonctionner sur une ferme.<\/p>\n<p>Les pratiques agricoles normales englobent des activit\u00e9s qui, chaque jour, se d\u00e9roulent \u00e0 la ferme. Certaines de ces activit\u00e9s cr\u00e9ent des perturbations, comme du bruit et des odeurs, et occasionnent la pr\u00e9sence de mouches. Or, les activit\u00e9s agricoles et les perturbations consid\u00e9r\u00e9es comme des pratiques agricoles normales ne peuvent \u00eatre interdites.<\/p>\n<p>La Loi de 1998 sur la protection de l&#8217;agriculture et de la production alimentaire (LPAPA), qui r\u00e9git les activit\u00e9s agricoles, favorise et prot\u00e8ge les pratiques agricoles normales, et ce, tout en tenant compte des exigences r\u00e9glementaires provinciales en mati\u00e8re de sant\u00e9, de s\u00e9curit\u00e9 et d&#8217;environnement.<\/p>\n<p>La LPAPA prot\u00e8ge les exploitations agricoles contre les plaintes concernant les odeurs, le bruit, la poussi\u00e8re, les mouches, la fum\u00e9e, les perturbations dues \u00e0 la lumi\u00e8re et aux vibrations, tant et aussi longtemps que la perturbation est consid\u00e9r\u00e9e comme \u00e9tant une pratique agricole normale. La Loi s&#8217;applique \u00e9galement si des r\u00e8glements municipaux limitent l&#8217;exercice de pratiques agricoles normales.<\/p>\n<p>II arrive parfois que des d\u00e9saccords surviennent entre les agriculteurs et leurs voisins. \u00c0 cet \u00e9gard, un processus a \u00e9t\u00e9 mis en place pour vous aider \u00e0 r\u00e9soudre ces conflits. Communiquez avec le Centre d&#8217;information agricole au 1 877 424-1300 ou \u00e0 <a href=\"mailto:ag.info.omafra@ontario.ca\">ag.info.omafra@ontario.ca<\/a>, pour en savoir davantage sur les pratiques agricoles et le processus de r\u00e9solution de conflits.<\/p>\n<p><strong>Veuillez noter<\/strong> : Cette page ne vise pas \u00e0 remplacer les conseils juridiques ni la repr\u00e9sentation par une avocate ou un avocat. Le minist\u00e8re de l&#8217;Agriculture, de l&#8217;Alimentation et des Affaires rurales de l&#8217;Ontario n&#8217;assume aucune responsabilit\u00e9 quant \u00e0 l&#8217;issue d&#8217;une audience au cours de laquelle l&#8217;une des parties s&#8217;est appuy\u00e9e sur le pr\u00e9sent document.<\/p>\n<p>Pour en savoir davantage sur les pratiques agricoles normales, sur la LPAPA et sur la Commission de protection des pratiques agricoles normales, consultez nos autres documents:<\/p>\n<ul>\n<li><a href=\"https:\/\/nfppb.ca\/fr\/preparatifs-pour-une-audience-de-la-commission-de-protection-des-pratiques-agricoles-normales-agricoles-normales\/\">\u00a0Pr\u00e9paratifs pour une audience de la Commission de protection des pratiques agricoles normales<\/a><\/li>\n<li><a href=\"https:\/\/nfppb.ca\/fr\/la-procedure-daudience-commission-de-protection-des-pratiques-agricoles-normales\/\">La proc\u00e9dure d&#8217;audience &#8211; Commission de protection des pratiques agricoles normales<\/a><\/li>\n<li><a href=\"https:\/\/nfppb.ca\/fr\/procedure-dappel\/guide-du-citoyen-de-la-commission-de-protection-des-pratiques-agricoles-normales\/\">Consultez \u00e9galement le Guide du citoyen de la Commission de protection des pratiques agricoles normales pour en savoir davantage sur le processus de r\u00e9solution des diff\u00e9rends en mati\u00e8re de pratiques agricoles normales et sur la proc\u00e9dure d&#8217;audience de la CPPAN.<\/a><\/li>\n<\/ul>\n<p>This page is available in English<\/p>\n","protected":false},"excerpt":{"rendered":"<p>English L&#8217;Ontario rural n&#8217;est pas seulement un beau coin du pays&#8230; L&#8217;agroalimentaire, l&#8217;un des principaux secteurs de l&#8217;Ontario, apporte chaque ann\u00e9e 35 milliards de dollars \u00e0 l&#8217;\u00e9conomie de la province et emploie 760 000 personnes. L&#8217;Ontario rural compte 52 000&#8230; <a href=\"https:\/\/nfppb.ca\/fr\/procedure-dappel\/alors-vous-alleez-vivre-en-campagne\/\" class=\"readmore\">Read more<span class=\"screen-reader-text\">Alors vous alleez vivre en campagne<\/span><span class=\"fa fa-angle-double-right\" aria-hidden=\"true\"><\/span><\/a><\/p>\n","protected":false},"author":2,"featured_media":0,"parent":372,"menu_order":0,"comment_status":"closed","ping_status":"closed","template":"","meta":{"footnotes":""},"class_list":["post-328","page","type-page","status-publish","hentry"],"jetpack_sharing_enabled":true,"jetpack_shortlink":"https:\/\/wp.me\/PaT1Et-5i","jetpack-related-posts":[],"_links":{"self":[{"href":"https:\/\/nfppb.ca\/fr\/wp-json\/wp\/v2\/pages\/328","targetHints":{"allow":["GET"]}}],"collection":[{"href":"https:\/\/nfppb.ca\/fr\/wp-json\/wp\/v2\/pages"}],"about":[{"href":"https:\/\/nfppb.ca\/fr\/wp-json\/wp\/v2\/types\/page"}],"author":[{"embeddable":true,"href":"https:\/\/nfppb.ca\/fr\/wp-json\/wp\/v2\/users\/2"}],"replies":[{"embeddable":true,"href":"https:\/\/nfppb.ca\/fr\/wp-json\/wp\/v2\/comments?post=328"}],"version-history":[{"count":14,"href":"https:\/\/nfppb.ca\/fr\/wp-json\/wp\/v2\/pages\/328\/revisions"}],"predecessor-version":[{"id":1232,"href":"https:\/\/nfppb.ca\/fr\/wp-json\/wp\/v2\/pages\/328\/revisions\/1232"}],"up":[{"embeddable":true,"href":"https:\/\/nfppb.ca\/fr\/wp-json\/wp\/v2\/pages\/372"}],"wp:attachment":[{"href":"https:\/\/nfppb.ca\/fr\/wp-json\/wp\/v2\/media?parent=328"}],"curies":[{"name":"wp","href":"https:\/\/api.w.org\/{rel}","templated":true}]}}