{"id":343,"date":"2019-04-11T14:16:01","date_gmt":"2019-04-11T14:16:01","guid":{"rendered":"http:\/\/nfppb.ca\/fr\/?page_id=343"},"modified":"2023-11-15T15:37:38","modified_gmt":"2023-11-15T15:37:38","slug":"commission-de-protection-des-pratiques-agricoles-normales-demande-daudience","status":"publish","type":"page","link":"https:\/\/nfppb.ca\/fr\/procedure-dappel\/commission-de-protection-des-pratiques-agricoles-normales-demande-daudience\/","title":{"rendered":"Demande d&#8217;Audience"},"content":{"rendered":"<h6><a href=\"https:\/\/nfppb.ca\/application\/\">English<\/a><\/h6>\n<h2><strong>Commission de protection des pratiques agricoles normales demande d&#8217;audience<\/strong><\/h2>\n<p><strong>\u00c0 noter: Avant que la Commission puisse prendre en consid\u00e9ration une demande d&#8217;audience, l&#8217;affaire en question doit avoir \u00e9t\u00e9 \u00e9tudi\u00e9e dans la cadre du processus de r\u00e9solution des conflits lies aux pratiques agricoles qui a \u00e9t\u00e9 \u00e9tabli par le minist\u00e8re de l&#8217;Agriculture, de l&#8217;Alimentation et des Affaires rurales de l&#8217;Ontario (MAAARO).<\/strong><\/p>\n<p><strong>(Pour de plus amples renseignements sur le processus de r\u00e9solution des conflits, veuillez communiquer avec le Centre d&#8217;information agricole du MAAARO, au 1-877-424-1300).<\/strong><\/p>\n<p>Date de la demande\u00a0(ann\u00e9e\/mois\/jour) : ______________________<\/p>\n<p><strong>Les questions faisant l&#8217;objet de la pr\u00e9sente demande d&#8217;audience ont-elles \u00e9t\u00e9 examin\u00e9es dans le cadre du processus de r\u00e9solution des conflits li\u00e9s aux pratiques agricoles qui a \u00e9t\u00e9 \u00e9tabli par le MAAARO?<\/strong><\/p>\n<p>Oui _______ Non _______<\/p>\n<p>Nom de l&#8217;ing\u00e9nieur agricole\/sp\u00e9cialiste de l&#8217;environnement:<\/p>\n<p>_______________________________________________<\/p>\n<p><strong>Les renseignements personnels sur cette forme sont recueillis sous l&#8217;autorit\u00e9 de la loi pour la protection de l&#8217;agriculture et de la production alimentaire. Il sera utilis\u00e9 seulement par la Commission pour entendre le cas du candidat. Si vous avez des questions \u00e0 propos de cette collection, contacte: Secr\u00e9taire, la Commission de protection des pratiques agricoles normales, 1 Stone Rd. Ouest, 2 \u00e8me \u00e9tage, Guelph, ON N1G 4Y2, T\u00e9l\u00e9phone: 519-826-3433<\/strong><strong> T\u00e9l\u00e9copieur: (519) 826-4232<\/strong><\/p>\n<p><strong>Renseignements personnels<\/strong><\/p>\n<p>(Veuillez taper \u00e0 la machine ou inscrire en lettres majuscules tous les renseignements demand\u00e9s.)<\/p>\n<p>Nom de la personne qui pr\u00e9sente la demande : ___________________________<br \/>\n(S&#8217;il y a plusieurs personnes, utilisez une feuille s\u00e9par\u00e9e pour chaque personne avec tous les renseignements et leur signature.)<\/p>\n<p>Adresse postale : ___________________________________________________<\/p>\n<p>Municipalit\u00e9 : ______________________________________________________<\/p>\n<p>Comt\u00e9 : __________________________________________________________<\/p>\n<p>Code postal : ______________________________________________________<\/p>\n<p>Num\u00e9ro de t\u00e9l\u00e9phone : ______________________________________________<\/p>\n<p>Num\u00e9ro de t\u00e9l\u00e9copieur : _____________________________________________<\/p>\n<p>Adresse \u00e9lectronique (courriel) : _______________________________________<\/p>\n<p>Signature de la personne qui pr\u00e9sente la demande :<\/p>\n<p>_________________________________________________________________<\/p>\n<p>Nom de la personne ou de la municipalit\u00e9 contre laquelle la plainte est d\u00e9pos\u00e9e :<\/p>\n<p>_________________________________________________________________<\/p>\n<p>Adresse de l&#8217;exploitation agricole ou de la municipalit\u00e9 :<\/p>\n<p>_________________________________________________________________<\/p>\n<p>Municipalit\u00e9 : ______________________________________________________<\/p>\n<p>Comt\u00e9 : __________________________________________________________<\/p>\n<p>Code postal : ______________________________________________________<\/p>\n<p>Num\u00e9ro de t\u00e9l\u00e9phone : ______________________________________________<\/p>\n<p>Num\u00e9ro de t\u00e9l\u00e9copieur : _____________________________________________<\/p>\n<p><strong>Plainte li\u00e9e \u00e0 une nuisance<\/strong><\/p>\n<p>Ne remplissez cette section que si vous \u00eates directement touch\u00e9 par une \u00ab perturbation provenant d&#8217;une exploitation agricole \u00bb (voir l&#8217;article 5 de la <em>Loi sur la protection de l&#8217;agriculture et de la production alimentaire<\/em>).<\/p>\n<p><strong>Nature de la plainte (Cochez toutes les cases pertinentes.) :<\/strong><\/p>\n<p>[ ] Bruit<\/p>\n<p>[ ] Odeur<\/p>\n<p>[ ] Poussi\u00e8re<\/p>\n<p>[ ] Lumi\u00e8re<\/p>\n<p>[ ] Vibrations<\/p>\n<p>[ ] Fum\u00e9e<\/p>\n<p>[ ] Mouches<\/p>\n<p>Date(s) de la perturbation (ann\u00e9e\/mois\/jour) : ___________________________<\/p>\n<p>_________________________________________________________________<\/p>\n<p>D\u00e9crivez comment la perturbation vous a incommod\u00e9 (si vous manquez d&#8217;espace, continuez sur d&#8217;autres pages et annexez celles-ci \u00e0 votre demande).<\/p>\n<p>_________________________________________________________________<\/p>\n<p>_________________________________________________________________<\/p>\n<p>_________________________________________________________________<\/p>\n<p>_________________________________________________________________<\/p>\n<p>_________________________________________________________________<\/p>\n<p>_________________________________________________________________<\/p>\n<p>Veuillez annexer toute autre information se rapportant \u00e0 la plainte.<\/p>\n<p><strong>Plainte li\u00e9e un r\u00e8glement municipal<\/strong><\/p>\n<p>Ne remplissez cette section que si votre pratique agricole est directement limit\u00e9e par un r\u00e8glement municipal (voir l&#8217;article 6 de la <em>Loi sur la protection de l&#8217;agriculture et de la production alimentaire<\/em>).<\/p>\n<p><strong>Information au sujet du r\u00e8glement municipal dont il est question :<\/strong><\/p>\n<p>Num\u00e9ro du r\u00e8glement municipal: ______________________________________<\/p>\n<p>Date d&#8217;adoption du r\u00e8glement municipal (ann\u00e9e\/mois\/jour)<\/p>\n<p>_________________________________________________________________<\/p>\n<p>Municipalit\u00e9 qui a adopt\u00e9 le r\u00e8glement :<\/p>\n<p>_________________________________________________________________<\/p>\n<p>Adresse de l&#8217;administration municipale :<\/p>\n<p>_________________________________________________________________<\/p>\n<p>Municipalit\u00e9 : ______________________________________________________<\/p>\n<p>Code postal : ______________________________________________________<\/p>\n<p>Num\u00e9ro de t\u00e9l\u00e9phone : ______________________________________________<\/p>\n<p>Num\u00e9ro de t\u00e9l\u00e9copieur : _____________________________________________<\/p>\n<p>D\u00e9crivez comment le r\u00e8glement municipal se r\u00e9percute sur vos pratiques agricoles (si vous manquez d&#8217;espace, continuez sur d&#8217;autres pages et annexez celles-ci \u00e0 votre demande).<\/p>\n<p>_________________________________________________________________<\/p>\n<p>_________________________________________________________________<\/p>\n<p>_________________________________________________________________<\/p>\n<p>_________________________________________________________________<\/p>\n<p>_________________________________________________________________<\/p>\n<p>_________________________________________________________________<\/p>\n<p><strong>Veuillez joindre une copie du r\u00e8glement municipal dont il est question<\/strong> et toute autre information suppl\u00e9mentaire qui se rapporte \u00e0 la plainte.<\/p>\n<p>Veuillez envoyer la demande <strong>sign\u00e9e<\/strong> et les pi\u00e8ces jointes \u00e0 l&#8217;adresse suivante:<\/p>\n<p>Commission de protection des pratiques agricoles normales<br \/>\nMinist\u00e8re de l&#8217;Agriculture, de l&#8217;Alimentation et des Affaires rurales<br \/>\n1, chemin Stone Ouest, 2\u00e8me \u00e9tage, Guelph, ON N1G 4Y2<br \/>\nT\u00e9l\u00e9phone: (519) 826-3433, T\u00e9l\u00e9copieur: (519) 826-4232<br \/>\nCourriel: <u><a href=\"mailto:NFPPB@ontario.ca\">NFPPB@ontario.ca<\/a><\/u><\/p>\n<p>Pour plus de renseignements :<br \/>\nSans frais : 1 877 424-1300<br \/>\nLocal : 519 826-4047<br \/>\nCourriel : <u><a href=\"mailto:ag.info.omafra@ontario.ca\">ag.info.omafra@ontario.ca<\/a><\/u><\/p>\n<p>this page is available in English<\/p>\n","protected":false},"excerpt":{"rendered":"<p>English Commission de protection des pratiques agricoles normales demande d&#8217;audience \u00c0 noter: Avant que la Commission puisse prendre en consid\u00e9ration une demande d&#8217;audience, l&#8217;affaire en question doit avoir \u00e9t\u00e9 \u00e9tudi\u00e9e dans la cadre du processus de r\u00e9solution des conflits lies&#8230; <a href=\"https:\/\/nfppb.ca\/fr\/procedure-dappel\/commission-de-protection-des-pratiques-agricoles-normales-demande-daudience\/\" class=\"readmore\">Read more<span class=\"screen-reader-text\">Demande d&#8217;Audience<\/span><span class=\"fa fa-angle-double-right\" aria-hidden=\"true\"><\/span><\/a><\/p>\n","protected":false},"author":2,"featured_media":0,"parent":372,"menu_order":0,"comment_status":"closed","ping_status":"closed","template":"","meta":{"footnotes":""},"class_list":["post-343","page","type-page","status-publish","hentry"],"jetpack_sharing_enabled":true,"jetpack_shortlink":"https:\/\/wp.me\/PaT1Et-5x","jetpack-related-posts":[],"_links":{"self":[{"href":"https:\/\/nfppb.ca\/fr\/wp-json\/wp\/v2\/pages\/343","targetHints":{"allow":["GET"]}}],"collection":[{"href":"https:\/\/nfppb.ca\/fr\/wp-json\/wp\/v2\/pages"}],"about":[{"href":"https:\/\/nfppb.ca\/fr\/wp-json\/wp\/v2\/types\/page"}],"author":[{"embeddable":true,"href":"https:\/\/nfppb.ca\/fr\/wp-json\/wp\/v2\/users\/2"}],"replies":[{"embeddable":true,"href":"https:\/\/nfppb.ca\/fr\/wp-json\/wp\/v2\/comments?post=343"}],"version-history":[{"count":5,"href":"https:\/\/nfppb.ca\/fr\/wp-json\/wp\/v2\/pages\/343\/revisions"}],"predecessor-version":[{"id":1230,"href":"https:\/\/nfppb.ca\/fr\/wp-json\/wp\/v2\/pages\/343\/revisions\/1230"}],"up":[{"embeddable":true,"href":"https:\/\/nfppb.ca\/fr\/wp-json\/wp\/v2\/pages\/372"}],"wp:attachment":[{"href":"https:\/\/nfppb.ca\/fr\/wp-json\/wp\/v2\/media?parent=343"}],"curies":[{"name":"wp","href":"https:\/\/api.w.org\/{rel}","templated":true}]}}