{"id":345,"date":"2019-04-12T14:41:01","date_gmt":"2019-04-12T14:41:01","guid":{"rendered":"http:\/\/nfppb.ca\/fr\/?page_id=345"},"modified":"2023-11-15T16:38:51","modified_gmt":"2023-11-15T16:38:51","slug":"commission-de-protection-des-pratiques-agricoles-normales-cadre-de-responsabilisation-des-membres","status":"publish","type":"page","link":"https:\/\/nfppb.ca\/fr\/responsabilisation\/documents-de-comptabilite-publique\/commission-de-protection-des-pratiques-agricoles-normales-cadre-de-responsabilisation-des-membres\/","title":{"rendered":"Commission de protection des pratiques agricoles normales &#8211; Cadre de responsabilisation des membres"},"content":{"rendered":"<h6><a href=\"https:\/\/nfppb.ca\/accountability\/members-code-of-conduct-2\/\">English<\/a><\/h6>\n<h3><strong>Table des mati\u00e8res<\/strong><\/h3>\n<ol>\n<li><u><a href=\"#contexte\">Contexte<\/a><\/u><\/li>\n<li><u><a href=\"#cadre\">Cadre de responsabilisation des membres<\/a><\/u><\/li>\n<\/ol>\n<h3><a name=\"contexte\"><\/a><strong>Contexte<\/strong><\/h3>\n<p>Le pr\u00e9sent cadre de responsabilisation des membres est \u00e9tabli conform\u00e9ment \u00e0 l&#8217;article 7 de la <em>Loi de 2009 sur la responsabilisation et la gouvernance des tribunaux d\u00e9cisionnels et les nominations \u00e0 ces tribunaux. <\/em>La Loi pr\u00e9voit que ce cadre doit comprendre les \u00e9l\u00e9ments suivants\u00a0:<\/p>\n<ol>\n<li><em>une description des fonctions des membres, du pr\u00e9sident et, s&#8217;il y a lieu, des vice-pr\u00e9sidents du tribunal; <\/em><\/li>\n<li><em>une description des comp\u00e9tences, des connaissances, de l&#8217;exp\u00e9rience, des autres attributs et des qualit\u00e9s requises particuli\u00e8res qu&#8217;est tenue de poss\u00e9der une personne nomm\u00e9e membre du tribunal; <\/em><\/li>\n<li><em>un code de conduite \u00e0 l&#8217;intention des membres du tribunal;<\/em><\/li>\n<li><em>toute autre question pr\u00e9cis\u00e9e dans les r\u00e8glements ou dans une directive du Conseil de gestion du gouvernement. 2009, chap. 33, annexe 5, par. 7 (2).<\/em><\/li>\n<\/ol>\n<h3><a name=\"cadre\"><\/a><strong>Cadre de responsabilisation des membres<\/strong><\/h3>\n<p>Le cadre de responsabilisation des membres de la Commission comprend\u00a0:<\/p>\n<ul>\n<li>une description du poste de pr\u00e9sident, y compris les qualifications requises;<\/li>\n<li>une description du poste de vice-pr\u00e9sident, y compris les qualifications requises;<\/li>\n<li>une description du poste de membre, y compris les qualifications requises;<\/li>\n<li><a href=\"https:\/\/nfppb.ca\/fr\/?page_id=332&amp;preview=true\">le code de conduite de la Commission de protection des pratiques agricoles normales.<\/a><\/li>\n<\/ul>\n<p>This page is available in English<\/p>\n","protected":false},"excerpt":{"rendered":"<p>English Table des mati\u00e8res Contexte Cadre de responsabilisation des membres Contexte Le pr\u00e9sent cadre de responsabilisation des membres est \u00e9tabli conform\u00e9ment \u00e0 l&#8217;article 7 de la Loi de 2009 sur la responsabilisation et la gouvernance des tribunaux d\u00e9cisionnels et les&#8230; <a href=\"https:\/\/nfppb.ca\/fr\/responsabilisation\/documents-de-comptabilite-publique\/commission-de-protection-des-pratiques-agricoles-normales-cadre-de-responsabilisation-des-membres\/\" class=\"readmore\">Read more<span class=\"screen-reader-text\">Commission de protection des pratiques agricoles normales &#8211; Cadre de responsabilisation des membres<\/span><span class=\"fa fa-angle-double-right\" aria-hidden=\"true\"><\/span><\/a><\/p>\n","protected":false},"author":2,"featured_media":0,"parent":494,"menu_order":0,"comment_status":"closed","ping_status":"closed","template":"","meta":{"footnotes":""},"class_list":["post-345","page","type-page","status-publish","hentry"],"jetpack_sharing_enabled":true,"jetpack_shortlink":"https:\/\/wp.me\/PaT1Et-5z","jetpack-related-posts":[],"_links":{"self":[{"href":"https:\/\/nfppb.ca\/fr\/wp-json\/wp\/v2\/pages\/345","targetHints":{"allow":["GET"]}}],"collection":[{"href":"https:\/\/nfppb.ca\/fr\/wp-json\/wp\/v2\/pages"}],"about":[{"href":"https:\/\/nfppb.ca\/fr\/wp-json\/wp\/v2\/types\/page"}],"author":[{"embeddable":true,"href":"https:\/\/nfppb.ca\/fr\/wp-json\/wp\/v2\/users\/2"}],"replies":[{"embeddable":true,"href":"https:\/\/nfppb.ca\/fr\/wp-json\/wp\/v2\/comments?post=345"}],"version-history":[{"count":8,"href":"https:\/\/nfppb.ca\/fr\/wp-json\/wp\/v2\/pages\/345\/revisions"}],"predecessor-version":[{"id":1256,"href":"https:\/\/nfppb.ca\/fr\/wp-json\/wp\/v2\/pages\/345\/revisions\/1256"}],"up":[{"embeddable":true,"href":"https:\/\/nfppb.ca\/fr\/wp-json\/wp\/v2\/pages\/494"}],"wp:attachment":[{"href":"https:\/\/nfppb.ca\/fr\/wp-json\/wp\/v2\/media?parent=345"}],"curies":[{"name":"wp","href":"https:\/\/api.w.org\/{rel}","templated":true}]}}