{"id":351,"date":"2019-04-11T15:44:19","date_gmt":"2019-04-11T15:44:19","guid":{"rendered":"http:\/\/nfppb.ca\/fr\/?page_id=351"},"modified":"2023-11-15T15:50:08","modified_gmt":"2023-11-15T15:50:08","slug":"la-procedure-daudience-commission-de-protection-des-pratiques-agricoles-normales","status":"publish","type":"page","link":"https:\/\/nfppb.ca\/fr\/procedure-dappel\/la-procedure-daudience-commission-de-protection-des-pratiques-agricoles-normales\/","title":{"rendered":"La proc\u00e9dure d&#8217;audience commission de protection des pratiques agricoles normales"},"content":{"rendered":"<h6><a href=\"https:\/\/nfppb.ca\/application-process\/the-hearing-procedure-normal-farm-practices-protection-board\/\">English<\/a><\/h6>\n<h2><strong>Table des mati\u00e8res<\/strong><\/h2>\n<p style=\"padding-left: 30px;\"><strong><u>1.<a href=\"#La procedure\">La proc\u00e9dure d&#8217;audience<\/a><\/u><\/strong><\/p>\n<ul>\n<li><strong><u><a href=\"#introduction\">Introduction<\/a><\/u><\/strong><\/li>\n<li><strong><u><a href=\"#exposes\">Expos\u00e9s initiaux<\/a><\/u><\/strong><\/li>\n<li><strong><u><a href=\"#presentation\">Pr\u00e9sentation de la cause du requ\u00e9rant<\/a><\/u><\/strong><\/li>\n<li><strong><u><a href=\"#presentation de la cause\">Pr\u00e9sentation de la cause de l&#8217;intim\u00e9<\/a><\/u><\/strong><\/li>\n<li><strong><u><a href=\"#temoins\">T\u00e9moins de la comission<\/a><\/u><\/strong><\/li>\n<li><strong><u><a href=\"#plaidoirie\">Plaidoirie<\/a><\/u><\/strong><\/li>\n<li><strong><u><a href=\"#ajournement\">Ajournement<\/a><\/u><\/strong><\/li>\n<\/ul>\n<p style=\"padding-left: 30px;\"><strong><u>2.\u00a0<a href=\"#ou laudience\">O\u00f9 l&#8217;audience aura-t-elle lieu?<\/a><\/u><\/strong><\/p>\n<p style=\"padding-left: 30px;\"><strong><u><a href=\"#veuillez\">3. Veuillez noter<\/a><\/u><\/strong><\/p>\n<p>Vous pouvez d\u00e9poser une demande d&#8217;audience aupr\u00e8s de la Commission de protection des pratiques agricoles normales (CPPAN) si vous n&#8217;\u00eates pas satisfait du processus de r\u00e9solution des conflits. Durant l&#8217;audience, vous voudrez convaincre le comit\u00e9 de la Commission de trancher en votre faveur, que vous soyez le requ\u00e9rant ou l&#8217;intim\u00e9. Pour ce faire, vous devrez apporter des documents, des cartes, etc., et demander \u00e0 des personnes de venir t\u00e9moigner pour soutenir votre cause.<\/p>\n<p>Nota: Le requ\u00e9rant est la personne qui a demand\u00e9 la tenue de l&#8217;audience. L&#8217;intim\u00e9 est la personne contre qui la plainte est port\u00e9e. Le requ\u00e9rant et l&#8217;intim\u00e9 sont appel\u00e9s les \u00ab parties \u00bb.<\/p>\n<p>Les audiences constituent un processus qui est toutefois moins officiel qu&#8217;un proc\u00e8s devant un tribunal provincial. Les deux parties peuvent d\u00e9cider de se repr\u00e9senter elles-m\u00eames ou de retenir les services d&#8217;une avocate ou d&#8217;un avocat.<\/p>\n<h3><a name=\"La procedure\"><\/a><strong>La proc\u00e9dure d&#8217;audience<\/strong><\/h3>\n<ol>\n<li>\n<h4><a name=\"introduction\"><\/a><strong> Introduction<\/strong><\/h4>\n<\/li>\n<\/ol>\n<p>Le pr\u00e9sident du comit\u00e9 d&#8217;audience explique le processus d&#8217;audience et demande aux parties de s&#8217;identifier. Pendant l&#8217;introduction, le pr\u00e9sident peut indiquer qu&#8217;il y aura une visite sur les lieux. (Il arrive parfois que la Commission visite les lieux ayant trait \u00e0 la plainte pour avoir une meilleure id\u00e9e des points en litige. Les parties, ou leurs repr\u00e9sentants, peuvent se joindre au personnel de la Commission pour la visite des lieux.)<\/p>\n<ol start=\"2\">\n<li>\n<h4><a name=\"exposes\"><\/a><strong> Expos\u00e9s initiaux<\/strong><\/h4>\n<\/li>\n<\/ol>\n<p>Le requ\u00e9rant pr\u00e9sente son expos\u00e9 initial pour donner un bref aper\u00e7u de sa cause. L&#8217;intim\u00e9 pr\u00e9sente ensuite son expos\u00e9 initial afin de pr\u00e9senter sa version des faits.<\/p>\n<ol start=\"3\">\n<li>\n<h4><a name=\"presentation\"><\/a><strong> Pr\u00e9sentation de la cause du requ\u00e9rant<\/strong><\/h4>\n<\/li>\n<\/ol>\n<p>Si vous \u00eates le requ\u00e9rant, vous commencez \u00e0 pr\u00e9senter votre cause en appelant votre premier t\u00e9moin. Si vous voulez pr\u00e9senter vous-m\u00eame les faits, vous devez \u00eatre asserment\u00e9 \u00e0 titre de t\u00e9moin.<\/p>\n<p>Chaque\u00a0<strong>t\u00e9moin\u00a0<\/strong>est soumis aux proc\u00e9dures suivantes.<\/p>\n<ol>\n<li><strong>Assermentation :<\/strong>Le t\u00e9moin pr\u00eate serment ou fait une affirmation solennelle.<\/li>\n<li><strong>Interrogatoire principal:<\/strong>Le requ\u00e9rant pose des questions au t\u00e9moin afin d&#8217;exposer la preuve qu&#8217;il veut pr\u00e9senter. La preuve peut inclure des pi\u00e8ces, telles que des documents, des photographies ou des cartes, mais tous les \u00e9l\u00e9ments de preuve doivent \u00eatre soumis par des t\u00e9moins. Le requ\u00e9rant pr\u00e9sente la cause s&#8217;il est le seul t\u00e9moin.<\/li>\n<li><strong>Contre-interrogatoire :<\/strong>L&#8217;intim\u00e9 pose des questions au t\u00e9moin afin de contester les \u00e9l\u00e9ments de preuve pr\u00e9sent\u00e9s.<\/li>\n<li><strong>R\u00e9interrogatoire :<\/strong>Le requ\u00e9rant pose des questions au t\u00e9moin sur les points soulev\u00e9s pendant le contre-interrogatoire. Il ne peut soulever de nouveaux points \u00e0 ce moment-l\u00e0.<\/li>\n<li><strong>Questions de la Commission:<\/strong>Les membres du comit\u00e9 de la Commission posent des questions au t\u00e9moin pour clarifier les points qu&#8217;il a soulev\u00e9s.<\/li>\n<li><strong>Questions en r\u00e9ponse :<\/strong>Le requ\u00e9rant peut poser des questions au t\u00e9moin au sujet des points soulev\u00e9s par la Commission.<\/li>\n<li><strong>Questions en r\u00e9ponse :<\/strong>L&#8217;intim\u00e9 peut poser des questions au t\u00e9moin au sujet des points soulev\u00e9s par la Commission.<\/li>\n<\/ol>\n<p>Le requ\u00e9rant appelle ensuite son prochain t\u00e9moin.<\/p>\n<ol start=\"4\">\n<li>\n<h4><a name=\"presentation de la cause\"><\/a><strong> Pr\u00e9sentation de la cause de l&#8217;intim\u00e9<\/strong><\/h4>\n<\/li>\n<\/ol>\n<p>Si vous \u00eates l&#8217;intim\u00e9, vous appelez votre ou vos t\u00e9moins lorsque le requ\u00e9rant a fini de pr\u00e9senter tous les siens. Les t\u00e9moins de l&#8217;intim\u00e9 sont soumis au m\u00eame processus que ceux du requ\u00e9rant.<\/p>\n<ol start=\"5\">\n<li>\n<h4><a name=\"temoins\"><\/a><strong> T\u00e9moins de la commission<\/strong><\/h4>\n<\/li>\n<\/ol>\n<p>Dans certains cas, la Commission peut d\u00e9cider de faire appel \u00e0 ses propres experts pour t\u00e9moigner afin de s&#8217;assurer que tous les renseignements n\u00e9cessaires sont pr\u00e9sent\u00e9s.<\/p>\n<p>Chaque t\u00e9moin de la Commission est soumis aux proc\u00e9dures suivantes.<\/p>\n<ol>\n<li><strong>Assermentation<\/strong><\/li>\n<li><strong>Questions de la Commission:<\/strong>Les membres du comit\u00e9 de la Commission posent des questions au t\u00e9moin pour clarifier les points soulev\u00e9s dans les preuves pr\u00e9sent\u00e9es par le requ\u00e9rant et l&#8217;intim\u00e9.<\/li>\n<li><strong>Questions en r\u00e9ponse :<\/strong>Le requ\u00e9rant, et ensuite l&#8217;intim\u00e9, peuvent poser des questions au t\u00e9moin au sujet des points soulev\u00e9s par les questions de la Commission.<\/li>\n<\/ol>\n<h4><a name=\"plaidoirie\"><\/a><strong> 6. Plaidoirie<\/strong><\/h4>\n<p>Les plaidoiries commencent une fois que toutes les preuves ont \u00e9t\u00e9 pr\u00e9sent\u00e9es. Le requ\u00e9rant utilise les \u00e9l\u00e9ments de preuve pr\u00e9sent\u00e9s pour d\u00e9fendre sa cause. C&#8217;est ensuite au tour de l&#8217;intim\u00e9 de faire de m\u00eame. Le requ\u00e9rant a la possibilit\u00e9 de faire une courte d\u00e9claration en r\u00e9ponse aux points soulev\u00e9s par l&#8217;intim\u00e9. Dans les plaidoiries, chaque partie devrait faire des suggestions \u00e0 la Commission sur la fa\u00e7on de statuer.<\/p>\n<ol start=\"7\">\n<li>\n<h4><a name=\"ajournement\"><\/a><strong> Ajournement<\/strong><\/h4>\n<\/li>\n<\/ol>\n<p>Le pr\u00e9sident ajourne l&#8217;audience. Les d\u00e9cisions sont rendues normalement environ 60 jours ouvrables apr\u00e8s l&#8217;audience, par \u00e9crit et accompagn\u00e9es des motifs.<\/p>\n<p><a name=\"ou laudience\"><\/a><strong>O\u00f9 l&#8217;audience aura-t-elle lieu?<\/strong><\/p>\n<p>La Commission s&#8217;efforce de tenir ses audiences dans la r\u00e9gion d&#8217;o\u00f9 \u00e9mane la plainte. Souvent, la Commission tient l&#8217;audience dans la salle du conseil de la municipalit\u00e9.<\/p>\n<p><a name=\"veuillez\"><\/a><strong>Veuillez noter :<\/strong><\/p>\n<p>Cette page ne vise pas \u00e0 remplacer les conseils juridiques ni la repr\u00e9sentation par une avocate ou un avocat. Le minist\u00e8re de l&#8217;Agriculture, de l&#8217;Alimentation et des Affaires rurales de l&#8217;Ontario n&#8217;assume aucune responsabilit\u00e9 quant \u00e0 l&#8217;issue d&#8217;une audience au cours de laquelle l&#8217;une des parties s&#8217;est appuy\u00e9e sur le pr\u00e9sent document.<\/p>\n<p>Pour en savoir davantage sur les pratiques agricoles normales, sur la Loi de 1998 sur la protection de l&#8217;agriculture et de la production alimentaire et sur la CPPAN, consultez nos autres documents :<\/p>\n<ul>\n<li><strong><u>.. vous allez vivre en <a href=\"http:\/\/nfppb.ca\/fr\/procedure-dappel\/alors-vous-alleez-vivre-en-campagne\/\">campagne<\/a><\/u><\/strong><\/li>\n<li><strong><u><a href=\"https:\/\/nfppb.ca\/fr\/preparatifs-pour-une-audience-de-la-commission-de-protection-des-pratiques-agricoles-normales-agricoles-normales\/\">Pr\u00e9paratifs pour une audience de la Commission de protection des pratiques agricoles normales<\/a><\/u><\/strong><\/li>\n<\/ul>\n<p>Consultez \u00e9galement le\u00a0<strong><u><a href=\"https:\/\/nfppb.ca\/fr\/procedure-dappel\/guide-du-citoyen-de-la-commission-de-protection-des-pratiques-agricoles-normales\/\">Guide du citoyen\u00a0<\/a><\/u><\/strong>de la Commission de protection des pratiques agricoles normales pour en savoir davantage sur le processus de r\u00e9solution des diff\u00e9rends en mati\u00e8re de pratiques agricoles normales et sur la proc\u00e9dure d&#8217;audience de la CPPAN.<\/p>\n<p>This page is available in English<\/p>\n<p>&nbsp;<\/p>\n","protected":false},"excerpt":{"rendered":"<p>English Table des mati\u00e8res 1.La proc\u00e9dure d&#8217;audience Introduction Expos\u00e9s initiaux Pr\u00e9sentation de la cause du requ\u00e9rant Pr\u00e9sentation de la cause de l&#8217;intim\u00e9 T\u00e9moins de la comission Plaidoirie Ajournement 2.\u00a0O\u00f9 l&#8217;audience aura-t-elle lieu? 3. Veuillez noter Vous pouvez d\u00e9poser une demande&#8230; <a href=\"https:\/\/nfppb.ca\/fr\/procedure-dappel\/la-procedure-daudience-commission-de-protection-des-pratiques-agricoles-normales\/\" class=\"readmore\">Read more<span class=\"screen-reader-text\">La proc\u00e9dure d&#8217;audience commission de protection des pratiques agricoles normales<\/span><span class=\"fa fa-angle-double-right\" aria-hidden=\"true\"><\/span><\/a><\/p>\n","protected":false},"author":2,"featured_media":0,"parent":372,"menu_order":0,"comment_status":"closed","ping_status":"closed","template":"","meta":{"footnotes":""},"class_list":["post-351","page","type-page","status-publish","hentry"],"jetpack_sharing_enabled":true,"jetpack_shortlink":"https:\/\/wp.me\/PaT1Et-5F","jetpack-related-posts":[],"_links":{"self":[{"href":"https:\/\/nfppb.ca\/fr\/wp-json\/wp\/v2\/pages\/351","targetHints":{"allow":["GET"]}}],"collection":[{"href":"https:\/\/nfppb.ca\/fr\/wp-json\/wp\/v2\/pages"}],"about":[{"href":"https:\/\/nfppb.ca\/fr\/wp-json\/wp\/v2\/types\/page"}],"author":[{"embeddable":true,"href":"https:\/\/nfppb.ca\/fr\/wp-json\/wp\/v2\/users\/2"}],"replies":[{"embeddable":true,"href":"https:\/\/nfppb.ca\/fr\/wp-json\/wp\/v2\/comments?post=351"}],"version-history":[{"count":16,"href":"https:\/\/nfppb.ca\/fr\/wp-json\/wp\/v2\/pages\/351\/revisions"}],"predecessor-version":[{"id":1239,"href":"https:\/\/nfppb.ca\/fr\/wp-json\/wp\/v2\/pages\/351\/revisions\/1239"}],"up":[{"embeddable":true,"href":"https:\/\/nfppb.ca\/fr\/wp-json\/wp\/v2\/pages\/372"}],"wp:attachment":[{"href":"https:\/\/nfppb.ca\/fr\/wp-json\/wp\/v2\/media?parent=351"}],"curies":[{"name":"wp","href":"https:\/\/api.w.org\/{rel}","templated":true}]}}