{"id":358,"date":"2019-04-11T15:41:43","date_gmt":"2019-04-11T15:41:43","guid":{"rendered":"http:\/\/nfppb.ca\/fr\/?page_id=358"},"modified":"2023-11-15T15:43:27","modified_gmt":"2023-11-15T15:43:27","slug":"preparatifs-pour-une-audience-de-la-commission-de-protection-des-pratiques-agricoles-normales-agricoles-normales","status":"publish","type":"page","link":"https:\/\/nfppb.ca\/fr\/preparatifs-pour-une-audience-de-la-commission-de-protection-des-pratiques-agricoles-normales-agricoles-normales\/","title":{"rendered":"Pr\u00e9paratifs pour une audience de la Commission de protection des pratiques agricoles normales"},"content":{"rendered":"<p><a href=\"https:\/\/nfppb.ca\/application-process\/preparing-for-a-normal-farm-practices-protection-board-hearing-2\/\">English<\/a><\/p>\n<h3 id=\"tw-target-text\" class=\"tw-data-text tw-text-large tw-ta\" dir=\"ltr\" data-placeholder=\"Translation\" data-ved=\"2ahUKEwjx-JG2psaCAxWaLzQIHWOhAtcQ3ewLegQICBAQ\"><span class=\"Y2IQFc\" lang=\"fr\">Table des mati\u00e8res<\/span><\/h3>\n<ul>\n<li style=\"list-style-type: none;\">\n<ol>\n<li><strong><u><a href=\"#comment\">Comment se pr\u00e9parer \u00e0 une audience de la CPPAN<\/a><\/u><\/strong><\/li>\n<li><strong><u><a href=\"#qu'est\">Qu&#8217;est-ce que le dossier de la Commission?<\/a><\/u><\/strong><\/li>\n<li><strong><u><a href=\"#Ou\"><strong>O\u00f9 l&#8217;audience aura-t-elle lieu?<\/strong><\/a><\/u><\/strong><\/li>\n<\/ol>\n<\/li>\n<\/ul>\n<p>Si vous habitez la campagne, certains aspects de l&#8217;agriculture peuvent avoir une incidence sur vous ou votre propri\u00e9t\u00e9. Le gouvernement de l&#8217;Ontario a mis sur pied un processus de r\u00e9solution des conflits pour aider les agriculteurs et leurs voisins \u00e0 r\u00e9soudre les conflits et les diff\u00e9rends.<\/p>\n<p>Vous pouvez ensuite d\u00e9poser une demande d&#8217;audience aupr\u00e8s de la Commission de protection des pratiques agricoles normales (CPPAN) si vous n&#8217;\u00eates pas satisfait du processus de r\u00e9solution des conflits. Les audiences constituent un processus moins officiel qu&#8217;un proc\u00e8s devant un tribunal provincial; chacune des parties (l&#8217;agriculteur, son voisin et toute tierce partie impliqu\u00e9e) peut se repr\u00e9senter elle-m\u00eame au lieu de retenir les services d&#8217;une avocate ou d&#8217;un avocat si elle le souhaite.<\/p>\n<p>Les audiences aupr\u00e8s de la CPPAN font appel \u00e0 certains processus que l&#8217;on retrouve dans les proc\u00e9dures judiciaires :<\/p>\n<ul>\n<li>il peut y avoir une ou un st\u00e9nographe judiciaire;<\/li>\n<li>on y pr\u00e9sente des expos\u00e9s initiaux et des plaidoiries;<\/li>\n<li>des personnes viennent t\u00e9moigner et sont contre-interrog\u00e9es;<\/li>\n<li>vous pouvez soumettre des preuves (\u00ab pi\u00e8ces \u00bb);<\/li>\n<li>toutes les parties peuvent d\u00e9poser des motions (une motion est une requ\u00eate par \u00e9crit d\u00e9pos\u00e9e par une partie demandant \u00e0 la Commission de prendre une d\u00e9cision provisoire).<\/li>\n<\/ul>\n<h3><a name=\"comment\"><\/a><strong>Comment se pr\u00e9parer \u00e0 une audience de la CPPAN<\/strong><\/h3>\n<ol>\n<li>Revoir la demande d&#8217;audience et toute autre information incluse dans le dossier de la Commission (voir ci-contre pour plus de renseignements concernant les dossiers de la Commission).<\/li>\n<li>R\u00e9fl\u00e9chir aux pratiques agricoles qui seront examin\u00e9es pendant l&#8217;audience et pr\u00e9parer votre dossier.<\/li>\n<\/ol>\n<p>Pr\u00e9parer les points suivants avant l&#8217;audience:<\/p>\n<ul>\n<li>votre expos\u00e9 initial;<\/li>\n<li>la preuve que vous entendez pr\u00e9senter;<\/li>\n<li>les t\u00e9moins que vous comptez appeler;<\/li>\n<li>une liste des questions que vous voulez poser \u00e0 vos t\u00e9moins;<\/li>\n<li>une liste des questions que vous voulez poser aux t\u00e9moins de l&#8217;autre partie;<\/li>\n<li>une liste des questions que vous voulez poser aux t\u00e9moins de la Commission, le cas \u00e9ch\u00e9ant<\/li>\n<li>votre plaidoirie.<\/li>\n<\/ul>\n<h3><a name=\"qu'est\"><\/a><strong>Qu&#8217;est-ce que le dossier de la Commission?<\/strong><\/h3>\n<p>Dans certains cas, avant l&#8217;audience, les parties et les membres de la Commission peuvent recevoir un dossier de la Commission portant sur la cause. Le dossier de la Commission comprend la demande initiale et toute la correspondance (lettres, courriels, etc.) qui a \u00e9t\u00e9 \u00e9chang\u00e9e entre les parties et la Commission avant l&#8217;audience. Il comprend \u00e9galement une liste des t\u00e9moins qui seront appel\u00e9s. De cette fa\u00e7on, toutes les parties ont la m\u00eame information. Souvent, aucun dossier de la Commission n&#8217;est requis si les deux parties sont repr\u00e9sent\u00e9es par des avocats.<\/p>\n<p>La Commission n&#8217;utilise pas ce dossier pour prendre une d\u00e9cision \u00e0 l&#8217;issue de l&#8217;audience. La Commission ne peut fonder ses d\u00e9cisions que sur l&#8217;information pr\u00e9sent\u00e9e comme preuve durant l&#8217;audience. La preuve peut inclure des pi\u00e8ces, telles que des documents, des photographies ou des cartes, mais tous les \u00e9l\u00e9ments de preuve doivent \u00eatre soumis par des t\u00e9moins.<\/p>\n<h3><a name=\"Ou\"><\/a><strong>O\u00f9 l&#8217;audience aura-t-elle lieu?<\/strong><\/h3>\n<p>La Commission s&#8217;efforce de tenir ses audiences dans la r\u00e9gion d&#8217;o\u00f9 \u00e9mane la plainte. Souvent, la Commission tient l&#8217;audience dans la salle du conseil de la municipalit\u00e9.<\/p>\n<p><strong>Veuillez noter :<\/strong>\u00a0Cette page ne vise pas \u00e0 remplacer les conseils juridiques ni la repr\u00e9sentation par une avocate ou un avocat. Le minist\u00e8re de l&#8217;Agriculture, de l&#8217;Alimentation et des Affaires rurales de l&#8217;Ontario n&#8217;assume aucune responsabilit\u00e9 quant \u00e0 l&#8217;issue d&#8217;une audience au cours de laquelle l&#8217;une des parties s&#8217;est appuy\u00e9e sur le pr\u00e9sent document.<\/p>\n<p>Pour en savoir davantage sur les pratiques agricoles normales, sur la\u00a0<a href=\"http:\/\/www.e-laws.gov.on.ca\/html\/statutes\/french\/elaws_statutes_98f01_f.htm\"><strong>Loi de 1998 sur la protection de l&#8217;agriculture et de la production alimentaire<\/strong><\/a>\u00a0et sur la CPPAN, consultez nos autres documents :<\/p>\n<ul>\n<li><strong><u><a href=\"https:\/\/nfppb.ca\/fr\/?page_id=351&amp;preview=true\">.. vous allez vivre en campagne<\/a><\/u><\/strong><\/li>\n<li><a href=\"https:\/\/nfppb.ca\/fr\/?page_id=351&amp;preview=true\"><strong><u>La proc\u00e9dure d&#8217;audience &#8211; Commission de protection des pratiques agricoles normales<\/u><\/strong><\/a><\/li>\n<\/ul>\n<p>Consultez \u00e9galement le<a href=\"http:\/\/nfppb.ca\/fr\/procedure-dappel\/guide-du-citoyen-de-la-commission-de-protection-des-pratiques-agricoles-normales\/\">\u00a0<strong><u>Guide du citoyen<\/u><\/strong>\u00a0<\/a>de la Commission de protection des pratiques agricoles normales pour en savoir davantage sur le processus de r\u00e9solution des diff\u00e9rends en mati\u00e8re de pratiques agricoles normales et sur la proc\u00e9dure d&#8217;audience de la CPPAN.<\/p>\n<p>This page is available in Englsih<\/p>\n<p>&nbsp;<\/p>\n","protected":false},"excerpt":{"rendered":"<p>English Table des mati\u00e8res Comment se pr\u00e9parer \u00e0 une audience de la CPPAN Qu&#8217;est-ce que le dossier de la Commission? O\u00f9 l&#8217;audience aura-t-elle lieu? Si vous habitez la campagne, certains aspects de l&#8217;agriculture peuvent avoir une incidence sur vous ou&#8230; <a href=\"https:\/\/nfppb.ca\/fr\/preparatifs-pour-une-audience-de-la-commission-de-protection-des-pratiques-agricoles-normales-agricoles-normales\/\" class=\"readmore\">Read more<span class=\"screen-reader-text\">Pr\u00e9paratifs pour une audience de la Commission de protection des pratiques agricoles normales<\/span><span class=\"fa fa-angle-double-right\" aria-hidden=\"true\"><\/span><\/a><\/p>\n","protected":false},"author":2,"featured_media":0,"parent":0,"menu_order":0,"comment_status":"closed","ping_status":"closed","template":"","meta":{"footnotes":""},"class_list":["post-358","page","type-page","status-publish","hentry"],"jetpack_sharing_enabled":true,"jetpack_shortlink":"https:\/\/wp.me\/PaT1Et-5M","jetpack-related-posts":[],"_links":{"self":[{"href":"https:\/\/nfppb.ca\/fr\/wp-json\/wp\/v2\/pages\/358","targetHints":{"allow":["GET"]}}],"collection":[{"href":"https:\/\/nfppb.ca\/fr\/wp-json\/wp\/v2\/pages"}],"about":[{"href":"https:\/\/nfppb.ca\/fr\/wp-json\/wp\/v2\/types\/page"}],"author":[{"embeddable":true,"href":"https:\/\/nfppb.ca\/fr\/wp-json\/wp\/v2\/users\/2"}],"replies":[{"embeddable":true,"href":"https:\/\/nfppb.ca\/fr\/wp-json\/wp\/v2\/comments?post=358"}],"version-history":[{"count":23,"href":"https:\/\/nfppb.ca\/fr\/wp-json\/wp\/v2\/pages\/358\/revisions"}],"predecessor-version":[{"id":1235,"href":"https:\/\/nfppb.ca\/fr\/wp-json\/wp\/v2\/pages\/358\/revisions\/1235"}],"wp:attachment":[{"href":"https:\/\/nfppb.ca\/fr\/wp-json\/wp\/v2\/media?parent=358"}],"curies":[{"name":"wp","href":"https:\/\/api.w.org\/{rel}","templated":true}]}}