{"id":373,"date":"2019-04-10T13:10:50","date_gmt":"2019-04-10T13:10:50","guid":{"rendered":"http:\/\/nfppb.ca\/fr\/?page_id=373"},"modified":"2025-06-04T18:58:14","modified_gmt":"2025-06-04T18:58:14","slug":"responsabilisation","status":"publish","type":"page","link":"https:\/\/nfppb.ca\/fr\/responsabilisation\/","title":{"rendered":"RESPONSABILISATION"},"content":{"rendered":"<h2><span style=\"color: #000080;\">Documents de Responabilit\u00e9s de la Gouvernance<\/span><\/h2>\n<ul>\n<li><strong><a href=\"https:\/\/nfppb.ca\/fr\/responsabilisation\/documents-de-responsabilite-de-la-gouvernance\/annual-reports\/\">Rapport Annuel<\/a><\/strong><\/li>\n<li><strong><a href=\"https:\/\/nfppb.ca\/fr\/responsabilisation\/documents-de-comptabilite-publique\/protocole-dentente-entre-le-ministre-de-lagriculture-de-lalimentation-et-des-affaires-rurales-et-le-president-de-la-commission-de-protection-des-pratiques-agricoles-normales\/\">Protocole d&#8217;Entente<\/a><\/strong><\/li>\n<li><strong><a href=\"https:\/\/nfppb.ca\/fr\/responsabilisation\/documents-de-responsabilite-de-la-gouvernance\/plans-daffaires\/\">Plan d\u2019activit\u00e9s\u00a0<\/a><\/strong><\/li>\n<li><strong><a href=\"https:\/\/nfppb.ca\/fr\/responsabilisation\/documents-de-responsabilite-de-la-gouvernance\/divulgation-publique-des-depenses\/\">Divulgation publique des d\u00e9penses<\/a><\/strong><\/li>\n<\/ul>\n<h2><span style=\"color: #000080;\">Documents du Comptabilit\u00e9 Publique<\/span><\/h2>\n<ul>\n<li><a href=\"https:\/\/nfppb.ca\/fr\/commission-de-protection-des-pratiques-agricoles-normales-code-de-conduite-des-membres\/\"><strong>Code de Conduite<\/strong><\/a><\/li>\n<li><strong><a href=\"https:\/\/nfppb.ca\/fr\/responsabilisation\/documents-de-comptabilite-publique\/politique-en-matiere-de-consultation\/\">Politiques en Mati\u00e8re de Consultation<\/a><\/strong><\/li>\n<li><strong><a href=\"https:\/\/nfppb.ca\/fr\/responsabilisation\/documents-de-comptabilite-publique\/plan-dethique\/\">Plan d&#8217;Ethique<\/a><\/strong><\/li>\n<li><strong><a href=\"https:\/\/nfppb.ca\/fr\/responsabilisation\/documents-de-comptabilite-publique\/enonce-de-mandat-et-de-mission\/\">\u00c9nonc\u00e9 de Mandat et de Mission<\/a><\/strong><\/li>\n<li><strong><a href=\"https:\/\/nfppb.ca\/fr\/commission-de-protection-des-pratiques-agricoles-normales-cadre-de-responsabilisation-des-membres\/\">Cadre de Responsabilisation des Membres<\/a><\/strong><\/li>\n<li><strong><a href=\"https:\/\/nfppb.ca\/fr\/responsabilisation\/documents-de-comptabilite-publique\/politique-relative-aux-normes-de-service\/\">Politiques Relative aux Normes de Service<\/a><\/strong><\/li>\n<\/ul>\n<p>This page is available in <a href=\"https:\/\/nfppb.ca\/accountability\/governance-accountability\/public-disclosure-of-expenses\/\">English<\/a>.<\/p>\n","protected":false},"excerpt":{"rendered":"<p>Documents de Responabilit\u00e9s de la Gouvernance Rapport Annuel Protocole d&#8217;Entente Plan d\u2019activit\u00e9s\u00a0 Divulgation publique des d\u00e9penses Documents du Comptabilit\u00e9 Publique Code de Conduite Politiques en Mati\u00e8re de Consultation Plan d&#8217;Ethique \u00c9nonc\u00e9 de Mandat et de Mission Cadre de Responsabilisation des&#8230; <a href=\"https:\/\/nfppb.ca\/fr\/responsabilisation\/\" class=\"readmore\">Read more<span class=\"screen-reader-text\">RESPONSABILISATION<\/span><span class=\"fa fa-angle-double-right\" aria-hidden=\"true\"><\/span><\/a><\/p>\n","protected":false},"author":2,"featured_media":0,"parent":0,"menu_order":4,"comment_status":"closed","ping_status":"closed","template":"","meta":{"footnotes":""},"class_list":["post-373","page","type-page","status-publish","hentry"],"jetpack_sharing_enabled":true,"jetpack_shortlink":"https:\/\/wp.me\/PaT1Et-61","jetpack-related-posts":[],"_links":{"self":[{"href":"https:\/\/nfppb.ca\/fr\/wp-json\/wp\/v2\/pages\/373","targetHints":{"allow":["GET"]}}],"collection":[{"href":"https:\/\/nfppb.ca\/fr\/wp-json\/wp\/v2\/pages"}],"about":[{"href":"https:\/\/nfppb.ca\/fr\/wp-json\/wp\/v2\/types\/page"}],"author":[{"embeddable":true,"href":"https:\/\/nfppb.ca\/fr\/wp-json\/wp\/v2\/users\/2"}],"replies":[{"embeddable":true,"href":"https:\/\/nfppb.ca\/fr\/wp-json\/wp\/v2\/comments?post=373"}],"version-history":[{"count":13,"href":"https:\/\/nfppb.ca\/fr\/wp-json\/wp\/v2\/pages\/373\/revisions"}],"predecessor-version":[{"id":1525,"href":"https:\/\/nfppb.ca\/fr\/wp-json\/wp\/v2\/pages\/373\/revisions\/1525"}],"wp:attachment":[{"href":"https:\/\/nfppb.ca\/fr\/wp-json\/wp\/v2\/media?parent=373"}],"curies":[{"name":"wp","href":"https:\/\/api.w.org\/{rel}","templated":true}]}}