{"id":406,"date":"2019-04-10T14:53:27","date_gmt":"2019-04-10T14:53:27","guid":{"rendered":"http:\/\/nfppb.ca\/fr\/?page_id=406"},"modified":"2025-06-12T15:11:16","modified_gmt":"2025-06-12T15:11:16","slug":"accueil","status":"publish","type":"page","link":"https:\/\/nfppb.ca\/fr\/","title":{"rendered":"ACCUEIL"},"content":{"rendered":"<h6><a href=\"https:\/\/nfppb.ca\/\">English<\/a><\/h6>\n<h3>Commission de protection des pratiques agricoles normales<\/h3>\n<div class=\"wp-block-image\"><img data-recalc-dims=\"1\" loading=\"lazy\" decoding=\"async\" data-attachment-id=\"1433\" data-permalink=\"https:\/\/nfppb.ca\/fr\/accueil\/attachment\/fruit-farm\/\" data-orig-file=\"https:\/\/i0.wp.com\/nfppb.ca\/fr\/wp-content\/uploads\/2024\/09\/Fruit-Farm-scaled.jpg?fit=2560%2C1707&amp;ssl=1\" data-orig-size=\"2560,1707\" data-comments-opened=\"1\" data-image-meta=\"{&quot;aperture&quot;:&quot;6.3&quot;,&quot;credit&quot;:&quot;&quot;,&quot;camera&quot;:&quot;Canon EOS 5D Mark IV&quot;,&quot;caption&quot;:&quot;&quot;,&quot;created_timestamp&quot;:&quot;1689698343&quot;,&quot;copyright&quot;:&quot;&quot;,&quot;focal_length&quot;:&quot;70&quot;,&quot;iso&quot;:&quot;500&quot;,&quot;shutter_speed&quot;:&quot;0.001&quot;,&quot;title&quot;:&quot;&quot;,&quot;orientation&quot;:&quot;0&quot;}\" data-image-title=\"Fruit Farm\" data-image-description=\"\" data-image-caption=\"\" data-medium-file=\"https:\/\/i0.wp.com\/nfppb.ca\/fr\/wp-content\/uploads\/2024\/09\/Fruit-Farm-scaled.jpg?fit=300%2C200&amp;ssl=1\" data-large-file=\"https:\/\/i0.wp.com\/nfppb.ca\/fr\/wp-content\/uploads\/2024\/09\/Fruit-Farm-scaled.jpg?fit=800%2C534&amp;ssl=1\" class=\"wpa-warning wpa-image-missing-alt alignnone size-full wp-image-1433\" src=\"https:\/\/i0.wp.com\/nfppb.ca\/fr\/wp-content\/uploads\/2024\/09\/Fruit-Farm-scaled.jpg?resize=800%2C533\" alt=\"\" width=\"800\" height=\"533\" data-warning=\"Missing alt text\" srcset=\"https:\/\/i0.wp.com\/nfppb.ca\/fr\/wp-content\/uploads\/2024\/09\/Fruit-Farm-scaled.jpg?w=2560&amp;ssl=1 2560w, https:\/\/i0.wp.com\/nfppb.ca\/fr\/wp-content\/uploads\/2024\/09\/Fruit-Farm-scaled.jpg?resize=300%2C200&amp;ssl=1 300w, https:\/\/i0.wp.com\/nfppb.ca\/fr\/wp-content\/uploads\/2024\/09\/Fruit-Farm-scaled.jpg?resize=1024%2C683&amp;ssl=1 1024w, https:\/\/i0.wp.com\/nfppb.ca\/fr\/wp-content\/uploads\/2024\/09\/Fruit-Farm-scaled.jpg?resize=768%2C512&amp;ssl=1 768w, https:\/\/i0.wp.com\/nfppb.ca\/fr\/wp-content\/uploads\/2024\/09\/Fruit-Farm-scaled.jpg?resize=1536%2C1024&amp;ssl=1 1536w, https:\/\/i0.wp.com\/nfppb.ca\/fr\/wp-content\/uploads\/2024\/09\/Fruit-Farm-scaled.jpg?resize=2048%2C1365&amp;ssl=1 2048w, https:\/\/i0.wp.com\/nfppb.ca\/fr\/wp-content\/uploads\/2024\/09\/Fruit-Farm-scaled.jpg?w=1600 1600w, https:\/\/i0.wp.com\/nfppb.ca\/fr\/wp-content\/uploads\/2024\/09\/Fruit-Farm-scaled.jpg?w=2400 2400w\" sizes=\"auto, (max-width: 800px) 100vw, 800px\" \/><\/div>\n<p>La Commission de protection des pratiques agricoles normales a \u00e9t\u00e9 cr\u00e9\u00e9e en vertu de la <em>Loi de 1998 sur la protection de l\u2019agriculture et de la production alimentaire<\/em> afin de r\u00e9soudre les diff\u00e9rends concernant les op\u00e9rations agricoles et de d\u00e9terminer ce qui constitue une pratique agricole normale.<\/p>\n<p>Dans l\u2019ex\u00e9cution de cette fonction, la Commission s\u2019emploie \u00e0 atteindre le but d\u00e9clar\u00e9 du l\u00e9gislateur, \u00e0 savoir concilier les besoins de la communaut\u00e9 agricole avec les pr\u00e9occupations de la province en mati\u00e8re de sant\u00e9, de s\u00e9curit\u00e9 et d\u2019environnement.<\/p>\n<p>&nbsp;<\/p>\n<h4>Processus de demande<\/h4>\n<p>Vue d\u2019ensemble<\/p>\n<p><a href=\"https:\/\/nfppb.ca\/fr\/preparatifs-pour-une-audience-de-la-commission-de-protection-des-pratiques-agricoles-normales-agricoles-normales\/\">Pr\u00e9paration d\u2019une audience<\/a><\/p>\n<p>R\u00e8gles de proc\u00e9dure<\/p>\n<p>FAQ<\/p>\n<p>&nbsp;<\/p>\n<h4 style=\"text-align: left;\">\u00c0 propos<\/h4>\n<p style=\"text-align: left;\">Mandat et mission<\/p>\n<p style=\"text-align: left;\">Documents de responsabilisation<\/p>\n<p style=\"text-align: left;\">Accessibilit\u00e9<\/p>\n<p style=\"text-align: left;\">Horaires d&#8217;appels<\/p>\n<h4><\/h4>\n<h4>Des questions? <u>Communiquez avec nous<\/u>.<\/h4>\n<p>&nbsp;<\/p>\n<p>Commission de protection des pratiques agricoles normales<br \/>\n1 Stone Road West<br \/>\nGuelph (Ontario) N1G 4Y2<br \/>\nT\u00e9l\u00e9phone\u00a0: 519\u00a0826-3433 ou<br \/>\n1\u00a0888\u00a0466-2372, poste\u00a0519-826-3433<br \/>\nT\u00e9l\u00e9copieur\u00a0: 519 826-4232<br \/>\nCourriel\u00a0:\u00a0<a href=\"mailto:NFPPB@ontario.ca\">NFPPB@ontario.ca<\/a><\/p>\n<p><u>Formulaire de contact en ligne<\/u><\/p>\n<p>&nbsp;<\/p>\n<h5><em>This page is also available in <\/em><a href=\"https:\/\/nfppb.ca\/\"><em>English<\/em><\/a><em>.<\/em><\/h5>\n<p>&nbsp;<\/p>\n","protected":false},"excerpt":{"rendered":"<p>English Commission de protection des pratiques agricoles normales La Commission de protection des pratiques agricoles normales a \u00e9t\u00e9 cr\u00e9\u00e9e en vertu de la Loi de 1998 sur la protection de l\u2019agriculture et de la production alimentaire afin de r\u00e9soudre les&#8230; <a href=\"https:\/\/nfppb.ca\/fr\/\" class=\"readmore\">Read more<span class=\"screen-reader-text\">ACCUEIL<\/span><span class=\"fa fa-angle-double-right\" aria-hidden=\"true\"><\/span><\/a><\/p>\n","protected":false},"author":2,"featured_media":0,"parent":0,"menu_order":0,"comment_status":"closed","ping_status":"closed","template":"","meta":{"footnotes":""},"class_list":["post-406","page","type-page","status-publish","hentry"],"jetpack_sharing_enabled":true,"jetpack_shortlink":"https:\/\/wp.me\/PaT1Et-6y","jetpack-related-posts":[],"_links":{"self":[{"href":"https:\/\/nfppb.ca\/fr\/wp-json\/wp\/v2\/pages\/406","targetHints":{"allow":["GET"]}}],"collection":[{"href":"https:\/\/nfppb.ca\/fr\/wp-json\/wp\/v2\/pages"}],"about":[{"href":"https:\/\/nfppb.ca\/fr\/wp-json\/wp\/v2\/types\/page"}],"author":[{"embeddable":true,"href":"https:\/\/nfppb.ca\/fr\/wp-json\/wp\/v2\/users\/2"}],"replies":[{"embeddable":true,"href":"https:\/\/nfppb.ca\/fr\/wp-json\/wp\/v2\/comments?post=406"}],"version-history":[{"count":16,"href":"https:\/\/nfppb.ca\/fr\/wp-json\/wp\/v2\/pages\/406\/revisions"}],"predecessor-version":[{"id":1538,"href":"https:\/\/nfppb.ca\/fr\/wp-json\/wp\/v2\/pages\/406\/revisions\/1538"}],"wp:attachment":[{"href":"https:\/\/nfppb.ca\/fr\/wp-json\/wp\/v2\/media?parent=406"}],"curies":[{"name":"wp","href":"https:\/\/api.w.org\/{rel}","templated":true}]}}