{"id":411,"date":"2019-04-10T15:27:50","date_gmt":"2019-04-10T15:27:50","guid":{"rendered":"http:\/\/nfppb.ca\/fr\/?page_id=411"},"modified":"2019-04-12T14:24:16","modified_gmt":"2019-04-12T14:24:16","slug":"bienvenue-a-la-commission-de-protection-des-pratiques-agricoles-normales","status":"publish","type":"page","link":"https:\/\/nfppb.ca\/fr\/accueil\/bienvenue-a-la-commission-de-protection-des-pratiques-agricoles-normales\/","title":{"rendered":"Bienvenue \u00e0 la Commission de protection des pratiques agricoles normales"},"content":{"rendered":"<p>La Commission de protection des pratiques agricoles normales a \u00e9t\u00e9 cr\u00e9\u00e9e en vertu de la Loi de 1998 sur la protection de l&#8217;agriculture et de la production alimentaire afin de r\u00e9soudre les diff\u00e9rends concernant les op\u00e9rations agricoles et de d\u00e9terminer ce qui constitue une pratique agricole normale. En s\u2019acquittant de cette t\u00e2che, la commission cherche \u00e0 atteindre l\u2019objectif d\u00e9clar\u00e9 de la l\u00e9gislature, qui est de concilier les besoins de la communaut\u00e9 agricole avec les pr\u00e9occupations provinciales en mati\u00e8re de sant\u00e9, de s\u00e9curit\u00e9 et d\u2019environnement.<\/p>\n<p>Commission de protection des pratiques agricoles normales<br \/>\n1 Stone Road West, 2e \u00e9tage NO<br \/>\nGuelph, ON N1G 4Y2<br \/>\nT\u00e9l\u00e9phone: (519) 826-3433 ou<br \/>\n(888) 466-2372, poste 519-826-3433<br \/>\nFax: (519) 826-4232<br \/>\nCourriel: NFPPB@ontario.ca<\/p>\n","protected":false},"excerpt":{"rendered":"<p>La Commission de protection des pratiques agricoles normales a \u00e9t\u00e9 cr\u00e9\u00e9e en vertu de la Loi de 1998 sur la protection de l&#8217;agriculture et de la production alimentaire afin de r\u00e9soudre les diff\u00e9rends concernant les op\u00e9rations agricoles et de d\u00e9terminer&#8230; <a href=\"https:\/\/nfppb.ca\/fr\/accueil\/bienvenue-a-la-commission-de-protection-des-pratiques-agricoles-normales\/\" class=\"readmore\">Read more<span class=\"screen-reader-text\">Bienvenue \u00e0 la Commission de protection des pratiques agricoles normales<\/span><span class=\"fa fa-angle-double-right\" aria-hidden=\"true\"><\/span><\/a><\/p>\n","protected":false},"author":2,"featured_media":0,"parent":406,"menu_order":0,"comment_status":"closed","ping_status":"closed","template":"","meta":{"footnotes":""},"class_list":["post-411","page","type-page","status-publish","hentry"],"jetpack_sharing_enabled":true,"jetpack_shortlink":"https:\/\/wp.me\/PaT1Et-6D","jetpack-related-posts":[],"_links":{"self":[{"href":"https:\/\/nfppb.ca\/fr\/wp-json\/wp\/v2\/pages\/411","targetHints":{"allow":["GET"]}}],"collection":[{"href":"https:\/\/nfppb.ca\/fr\/wp-json\/wp\/v2\/pages"}],"about":[{"href":"https:\/\/nfppb.ca\/fr\/wp-json\/wp\/v2\/types\/page"}],"author":[{"embeddable":true,"href":"https:\/\/nfppb.ca\/fr\/wp-json\/wp\/v2\/users\/2"}],"replies":[{"embeddable":true,"href":"https:\/\/nfppb.ca\/fr\/wp-json\/wp\/v2\/comments?post=411"}],"version-history":[{"count":2,"href":"https:\/\/nfppb.ca\/fr\/wp-json\/wp\/v2\/pages\/411\/revisions"}],"predecessor-version":[{"id":413,"href":"https:\/\/nfppb.ca\/fr\/wp-json\/wp\/v2\/pages\/411\/revisions\/413"}],"up":[{"embeddable":true,"href":"https:\/\/nfppb.ca\/fr\/wp-json\/wp\/v2\/pages\/406"}],"wp:attachment":[{"href":"https:\/\/nfppb.ca\/fr\/wp-json\/wp\/v2\/media?parent=411"}],"curies":[{"name":"wp","href":"https:\/\/api.w.org\/{rel}","templated":true}]}}