{"id":494,"date":"2019-04-24T14:43:18","date_gmt":"2019-04-24T14:43:18","guid":{"rendered":"http:\/\/nfppb.ca\/fr\/?page_id=494"},"modified":"2023-11-15T16:23:33","modified_gmt":"2023-11-15T16:23:33","slug":"documents-de-comptabilite-publique","status":"publish","type":"page","link":"https:\/\/nfppb.ca\/fr\/responsabilisation\/documents-de-comptabilite-publique\/","title":{"rendered":"Documents de comptabilit\u00e9 publique"},"content":{"rendered":"<p><a href=\"https:\/\/nfppb.ca\/accountability\/public-accountability-documents\/\">English<\/a><\/p>\n<ul>\n<li>\n<h5><a href=\"https:\/\/nfppb.ca\/fr\/commission-de-protection-des-pratiques-agricoles-normales-code-de-conduite-des-membres\/\">Commission de Protection des Pratiques Agricoles Normales &#8211; Code de Conduit des Membres<\/a><\/h5>\n<\/li>\n<li>\n<h5><a href=\"https:\/\/nfppb.ca\/fr\/responsabilisation\/documents-de-comptabilite-publique\/politique-en-matiere-de-consultation\/\">Politiques en Mati\u00e8re de Consultation<\/a><\/h5>\n<\/li>\n<li>\n<h5><a href=\"https:\/\/nfppb.ca\/fr\/responsabilisation\/documents-de-comptabilite-publique\/plan-dethique\/\">Plan d&#8217;Ethique<\/a><\/h5>\n<\/li>\n<li>\n<h5><a href=\"https:\/\/nfppb.ca\/fr\/responsabilisation\/documents-de-comptabilite-publique\/enonce-de-mandat-et-de-mission\/\">\u00c9nonc\u00e9 de Mandat et de Mission<\/a><\/h5>\n<\/li>\n<li>\n<h5><a href=\"https:\/\/nfppb.ca\/fr\/commission-de-protection-des-pratiques-agricoles-normales-cadre-de-responsabilisation-des-membres\/\">Commission de Protection des Pratiques Agricoles Normales &#8211; Cadre de Responsabilisation des Membres<\/a><\/h5>\n<\/li>\n<li>\n<h5><a href=\"https:\/\/nfppb.ca\/fr\/responsabilisation\/documents-de-comptabilite-publique\/politique-relative-aux-normes-de-service\/\">Politiques Relative aux Normes de Service<\/a><\/h5>\n<\/li>\n<\/ul>\n<p>This page is available in English<\/p>\n","protected":false},"excerpt":{"rendered":"<p>English Commission de Protection des Pratiques Agricoles Normales &#8211; Code de Conduit des Membres Politiques en Mati\u00e8re de Consultation Plan d&#8217;Ethique \u00c9nonc\u00e9 de Mandat et de Mission Commission de Protection des Pratiques Agricoles Normales &#8211; Cadre de Responsabilisation des Membres&#8230; <a href=\"https:\/\/nfppb.ca\/fr\/responsabilisation\/documents-de-comptabilite-publique\/\" class=\"readmore\">Read more<span class=\"screen-reader-text\">Documents de comptabilit\u00e9 publique<\/span><span class=\"fa fa-angle-double-right\" aria-hidden=\"true\"><\/span><\/a><\/p>\n","protected":false},"author":2,"featured_media":0,"parent":373,"menu_order":0,"comment_status":"closed","ping_status":"closed","template":"","meta":{"footnotes":""},"class_list":["post-494","page","type-page","status-publish","hentry"],"jetpack_sharing_enabled":true,"jetpack_shortlink":"https:\/\/wp.me\/PaT1Et-7Y","jetpack-related-posts":[],"_links":{"self":[{"href":"https:\/\/nfppb.ca\/fr\/wp-json\/wp\/v2\/pages\/494","targetHints":{"allow":["GET"]}}],"collection":[{"href":"https:\/\/nfppb.ca\/fr\/wp-json\/wp\/v2\/pages"}],"about":[{"href":"https:\/\/nfppb.ca\/fr\/wp-json\/wp\/v2\/types\/page"}],"author":[{"embeddable":true,"href":"https:\/\/nfppb.ca\/fr\/wp-json\/wp\/v2\/users\/2"}],"replies":[{"embeddable":true,"href":"https:\/\/nfppb.ca\/fr\/wp-json\/wp\/v2\/comments?post=494"}],"version-history":[{"count":7,"href":"https:\/\/nfppb.ca\/fr\/wp-json\/wp\/v2\/pages\/494\/revisions"}],"predecessor-version":[{"id":1254,"href":"https:\/\/nfppb.ca\/fr\/wp-json\/wp\/v2\/pages\/494\/revisions\/1254"}],"up":[{"embeddable":true,"href":"https:\/\/nfppb.ca\/fr\/wp-json\/wp\/v2\/pages\/373"}],"wp:attachment":[{"href":"https:\/\/nfppb.ca\/fr\/wp-json\/wp\/v2\/media?parent=494"}],"curies":[{"name":"wp","href":"https:\/\/api.w.org\/{rel}","templated":true}]}}