{"id":535,"date":"2019-04-30T15:51:39","date_gmt":"2019-04-30T15:51:39","guid":{"rendered":"http:\/\/nfppb.ca\/fr\/?page_id=535"},"modified":"2025-06-12T15:12:41","modified_gmt":"2025-06-12T15:12:41","slug":"retour-dinformation","status":"publish","type":"page","link":"https:\/\/nfppb.ca\/fr\/retour-dinformation\/","title":{"rendered":"Retour d&#8217;information"},"content":{"rendered":"<p>Nous cherchons toujours \u00e0 am\u00e9liorer notre site Web et vos commentaires et questions seront les bienvenus. Si vous souhaitez recevoir une r\u00e9ponse, veuillez indiquer une adresse postale ou une adresse \u00e9lectronique valide, car la r\u00e9ponse sera sous une forme ou une autre.<\/p>\n<p>Veuillez contacter le personnel de la Commission de protection des pratiques agricoles normales<br \/>\n1 Stone Road West<br \/>\nGuelph, ON N1G 4Y2<br \/>\nT\u00e9l\u00e9phone: (519) 826-3433 ou<br \/>\n(888) 466-2372, poste 519-826-3433<br \/>\nFax: (519) 826-4232<br \/>\nCourriel: NFPPB@ontario.ca<\/p>\n","protected":false},"excerpt":{"rendered":"<p>Nous cherchons toujours \u00e0 am\u00e9liorer notre site Web et vos commentaires et questions seront les bienvenus. Si vous souhaitez recevoir une r\u00e9ponse, veuillez indiquer une adresse postale ou une adresse \u00e9lectronique valide, car la r\u00e9ponse sera sous une forme ou&#8230; <a href=\"https:\/\/nfppb.ca\/fr\/retour-dinformation\/\" class=\"readmore\">Read more<span class=\"screen-reader-text\">Retour d&#8217;information<\/span><span class=\"fa fa-angle-double-right\" aria-hidden=\"true\"><\/span><\/a><\/p>\n","protected":false},"author":2,"featured_media":0,"parent":0,"menu_order":0,"comment_status":"closed","ping_status":"closed","template":"","meta":{"footnotes":""},"class_list":["post-535","page","type-page","status-publish","hentry"],"jetpack_sharing_enabled":true,"jetpack_shortlink":"https:\/\/wp.me\/PaT1Et-8D","jetpack-related-posts":[],"_links":{"self":[{"href":"https:\/\/nfppb.ca\/fr\/wp-json\/wp\/v2\/pages\/535","targetHints":{"allow":["GET"]}}],"collection":[{"href":"https:\/\/nfppb.ca\/fr\/wp-json\/wp\/v2\/pages"}],"about":[{"href":"https:\/\/nfppb.ca\/fr\/wp-json\/wp\/v2\/types\/page"}],"author":[{"embeddable":true,"href":"https:\/\/nfppb.ca\/fr\/wp-json\/wp\/v2\/users\/2"}],"replies":[{"embeddable":true,"href":"https:\/\/nfppb.ca\/fr\/wp-json\/wp\/v2\/comments?post=535"}],"version-history":[{"count":2,"href":"https:\/\/nfppb.ca\/fr\/wp-json\/wp\/v2\/pages\/535\/revisions"}],"predecessor-version":[{"id":1541,"href":"https:\/\/nfppb.ca\/fr\/wp-json\/wp\/v2\/pages\/535\/revisions\/1541"}],"wp:attachment":[{"href":"https:\/\/nfppb.ca\/fr\/wp-json\/wp\/v2\/media?parent=535"}],"curies":[{"name":"wp","href":"https:\/\/api.w.org\/{rel}","templated":true}]}}